{"id":966,"date":"2017-03-10T06:44:46","date_gmt":"2017-03-10T06:44:46","guid":{"rendered":"http:\/\/masiacalfabrega.com\/?page_id=966\/"},"modified":"2017-03-10T16:12:38","modified_gmt":"2017-03-10T16:12:38","slug":"actividades","status":"publish","type":"page","link":"https:\/\/www.masiacalfabrega.com\/es\/actividades\/","title":{"rendered":"Actividades"},"content":{"rendered":"<section  class='av_textblock_section av-av_textblock-0366cc7376be6c9e82a3e9cc8987b64f '   itemscope=\"itemscope\" itemtype=\"https:\/\/schema.org\/CreativeWork\" ><div class='avia_textblock'  itemprop=\"text\" ><blockquote>\n<h3>Ponemos a tu disposici\u00f3n las 70 Hect\u00e1reas de la finca, con dos bosques de pino blanco y robles, donde podr\u00e1s recorrer caminos a pie o en bicicleta.<\/h3>\n<\/blockquote>\n<\/div><\/section>\n\n<style type=\"text\/css\" data-created_by=\"avia_inline_auto\" id=\"style-css-av-av_one_full-9497bbf8bff73ea4c6992cc17fa9ec36\">\n.flex_column.av-av_one_full-9497bbf8bff73ea4c6992cc17fa9ec36{\nborder-radius:0px 0px 0px 0px;\npadding:0px 0px 0px 0px;\n}\n<\/style>\n<div  class='flex_column av-av_one_full-9497bbf8bff73ea4c6992cc17fa9ec36 av_one_full  avia-builder-el-1  el_after_av_textblock  el_before_av_one_third  first flex_column_div av-zero-column-padding  column-top-margin'     ><style type=\"text\/css\" data-created_by=\"avia_inline_auto\" id=\"style-css-av-av_heading-a4cef9c27dbebd971f37a78199cabafc\">\n#top .av-special-heading.av-av_heading-a4cef9c27dbebd971f37a78199cabafc{\npadding-bottom:0;\n}\nbody .av-special-heading.av-av_heading-a4cef9c27dbebd971f37a78199cabafc .av-special-heading-tag .heading-char{\nfont-size:25px;\n}\n.av-special-heading.av-av_heading-a4cef9c27dbebd971f37a78199cabafc .av-subheading{\nfont-size:15px;\n}\n<\/style>\n<div  class='av-special-heading av-av_heading-a4cef9c27dbebd971f37a78199cabafc av-special-heading-h2 blockquote modern-quote  avia-builder-el-2  avia-builder-el-no-sibling '><h2 class='av-special-heading-tag '  itemprop=\"headline\"  >Lugares de inter\u00e9s cerca de la Mas\u00eda de Cal F\u00e0brega<\/h2><div class=\"special-heading-border\"><div class=\"special-heading-inner-border\"><\/div><\/div><\/div><\/div>\n\n<style type=\"text\/css\" data-created_by=\"avia_inline_auto\" id=\"style-css-av-av_one_third-9497bbf8bff73ea4c6992cc17fa9ec36\">\n.flex_column.av-av_one_third-9497bbf8bff73ea4c6992cc17fa9ec36{\nborder-radius:0px 0px 0px 0px;\npadding:0px 0px 0px 0px;\n}\n<\/style>\n<div  class='flex_column av-av_one_third-9497bbf8bff73ea4c6992cc17fa9ec36 av_one_third  avia-builder-el-3  el_after_av_one_full  el_before_av_two_third  first flex_column_div av-zero-column-padding  column-top-margin'     ><section  class='av_textblock_section av-av_textblock-0366cc7376be6c9e82a3e9cc8987b64f '   itemscope=\"itemscope\" itemtype=\"https:\/\/schema.org\/CreativeWork\" ><div class='avia_textblock'  itemprop=\"text\" ><ul>\n<li>Ruta de las Fuentes<\/li>\n<li>Roc de la Mel<\/li>\n<li>Alzina dels Colls (Milenaria)<\/li>\n<li>La Bauma de les 7 portes Caf\u00e9 de las 7 puertas<\/li>\n<li>Roques de la Madrona (serrat dels colls)<\/li>\n<li>Tinas de Cal Blasi<\/li>\n<li>Sant Sadurn\u00ed de Fonollet<\/li>\n<\/ul>\n<\/div><\/section><\/div>\n\n<style type=\"text\/css\" data-created_by=\"avia_inline_auto\" id=\"style-css-av-av_two_third-9c1d454dc06f7247226bc4e8f931daae\">\n.flex_column.av-av_two_third-9c1d454dc06f7247226bc4e8f931daae{\nborder-radius:0px 0px 0px 0px;\npadding:0px 0px 0px 0px;\n}\n<\/style>\n<div  class='flex_column av-av_two_third-9c1d454dc06f7247226bc4e8f931daae av_two_third  avia-builder-el-5  el_after_av_one_third  el_before_av_one_full  flex_column_div av-zero-column-padding  column-top-margin'     ><style type=\"text\/css\" data-created_by=\"avia_inline_auto\" id=\"style-css-av-av_image-5263d150b1b93d9fe1a71026435b1724\">\n.avia-image-container.av-av_image-5263d150b1b93d9fe1a71026435b1724 img.avia_image{\nbox-shadow:none;\n}\n.avia-image-container.av-av_image-5263d150b1b93d9fe1a71026435b1724 .av-image-caption-overlay-center{\ncolor:#ffffff;\n}\n<\/style>\n<div  class='avia-image-container av-av_image-5263d150b1b93d9fe1a71026435b1724 av-styling- avia-align-center  avia-builder-el-6  avia-builder-el-no-sibling '   itemprop=\"image\" itemscope=\"itemscope\" itemtype=\"https:\/\/schema.org\/ImageObject\" ><div class=\"avia-image-container-inner\"><div class=\"avia-image-overlay-wrap\"><img decoding=\"async\" fetchpriority=\"high\" class='wp-image-1467 avia-img-lazy-loading-not-1467 avia_image ' src=\"https:\/\/www.masiacalfabrega.com\/wp-content\/uploads\/2014\/09\/masia-cal-fabrega-entorn-1.jpg\" alt='' title='masia-cal-fabrega-entorn'  height=\"294\" width=\"1024\"  itemprop=\"thumbnailUrl\" srcset=\"https:\/\/www.masiacalfabrega.com\/wp-content\/uploads\/2014\/09\/masia-cal-fabrega-entorn-1.jpg 1024w, https:\/\/www.masiacalfabrega.com\/wp-content\/uploads\/2014\/09\/masia-cal-fabrega-entorn-1-300x86.jpg 300w, https:\/\/www.masiacalfabrega.com\/wp-content\/uploads\/2014\/09\/masia-cal-fabrega-entorn-1-768x221.jpg 768w, https:\/\/www.masiacalfabrega.com\/wp-content\/uploads\/2014\/09\/masia-cal-fabrega-entorn-1-705x202.jpg 705w, https:\/\/www.masiacalfabrega.com\/wp-content\/uploads\/2014\/09\/masia-cal-fabrega-entorn-1-450x129.jpg 450w\" sizes=\"(max-width: 1024px) 100vw, 1024px\" \/><\/div><\/div><\/div><\/div>\n\n<style type=\"text\/css\" data-created_by=\"avia_inline_auto\" id=\"style-css-av-av_one_full-9497bbf8bff73ea4c6992cc17fa9ec36\">\n.flex_column.av-av_one_full-9497bbf8bff73ea4c6992cc17fa9ec36{\nborder-radius:0px 0px 0px 0px;\npadding:0px 0px 0px 0px;\n}\n<\/style>\n<div  class='flex_column av-av_one_full-9497bbf8bff73ea4c6992cc17fa9ec36 av_one_full  avia-builder-el-7  el_after_av_two_third  el_before_av_one_third  first flex_column_div av-zero-column-padding  column-top-margin'     ><style type=\"text\/css\" data-created_by=\"avia_inline_auto\" id=\"style-css-av-av_heading-e313ad324ffe05d196386d38c09825e6\">\n#top .av-special-heading.av-av_heading-e313ad324ffe05d196386d38c09825e6{\npadding-bottom:0;\n}\nbody .av-special-heading.av-av_heading-e313ad324ffe05d196386d38c09825e6 .av-special-heading-tag .heading-char{\nfont-size:25px;\n}\n.av-special-heading.av-av_heading-e313ad324ffe05d196386d38c09825e6 .av-subheading{\nfont-size:15px;\n}\n<\/style>\n<div  class='av-special-heading av-av_heading-e313ad324ffe05d196386d38c09825e6 av-special-heading-h2 blockquote modern-quote  avia-builder-el-8  avia-builder-el-no-sibling '><h2 class='av-special-heading-tag '  itemprop=\"headline\"  >Visitas cercanas a la Mas\u00eda de Cal F\u00e0brega<\/h2><div class=\"special-heading-border\"><div class=\"special-heading-inner-border\"><\/div><\/div><\/div><\/div>\n\n<style type=\"text\/css\" data-created_by=\"avia_inline_auto\" id=\"style-css-av-av_one_third-9497bbf8bff73ea4c6992cc17fa9ec36\">\n.flex_column.av-av_one_third-9497bbf8bff73ea4c6992cc17fa9ec36{\nborder-radius:0px 0px 0px 0px;\npadding:0px 0px 0px 0px;\n}\n<\/style>\n<div  class='flex_column av-av_one_third-9497bbf8bff73ea4c6992cc17fa9ec36 av_one_third  avia-builder-el-9  el_after_av_one_full  el_before_av_two_third  first flex_column_div av-zero-column-padding  column-top-margin'     ><section  class='av_textblock_section av-av_textblock-0366cc7376be6c9e82a3e9cc8987b64f '   itemscope=\"itemscope\" itemtype=\"https:\/\/schema.org\/CreativeWork\" ><div class='avia_textblock'  itemprop=\"text\" ><ul>\n<li>Casserres (a 4 km)<\/li>\n<li>Puig-reig (a 6 km)<\/li>\n<li>Berga (a 15 km)<\/li>\n<li>Queralt (a 20 km)<\/li>\n<li>Pedraforca (a 45 km)<\/li>\n<li>La Molina (a 60 km)<\/li>\n<li>Montserrat (a 65 km)<\/li>\n<li>Barcelona (a 90 km)<\/li>\n<li>Andorra (a 100 km)<\/li>\n<\/ul>\n<h3><\/h3>\n<\/div><\/section><\/div>\n\n<style type=\"text\/css\" data-created_by=\"avia_inline_auto\" id=\"style-css-av-av_two_third-9c1d454dc06f7247226bc4e8f931daae\">\n.flex_column.av-av_two_third-9c1d454dc06f7247226bc4e8f931daae{\nborder-radius:0px 0px 0px 0px;\npadding:0px 0px 0px 0px;\n}\n<\/style>\n<div  class='flex_column av-av_two_third-9c1d454dc06f7247226bc4e8f931daae av_two_third  avia-builder-el-11  el_after_av_one_third  el_before_av_one_full  flex_column_div av-zero-column-padding  column-top-margin'     ><style type=\"text\/css\" data-created_by=\"avia_inline_auto\" id=\"style-css-av-av_image-7133d4663842e380a833ed3e84c24b7e\">\n.avia-image-container.av-av_image-7133d4663842e380a833ed3e84c24b7e img.avia_image{\nbox-shadow:none;\n}\n.avia-image-container.av-av_image-7133d4663842e380a833ed3e84c24b7e .av-image-caption-overlay-center{\ncolor:#ffffff;\n}\n<\/style>\n<div  class='avia-image-container av-av_image-7133d4663842e380a833ed3e84c24b7e av-styling- avia-align-center  avia-builder-el-12  avia-builder-el-no-sibling '   itemprop=\"image\" itemscope=\"itemscope\" itemtype=\"https:\/\/schema.org\/ImageObject\" ><div class=\"avia-image-container-inner\"><div class=\"avia-image-overlay-wrap\"><img decoding=\"async\" fetchpriority=\"high\" class='wp-image- avia-img-lazy-loading-not- avia_image ' src=\"http:\/\/masiacalfabrega.com\/wp-content\/uploads\/2014\/09\/piscina-cal-fabrega-1030x296.jpg\" alt='' title=''   itemprop=\"thumbnailUrl\"  \/><\/div><\/div><\/div><\/div>\n\n<style type=\"text\/css\" data-created_by=\"avia_inline_auto\" id=\"style-css-av-av_one_full-9497bbf8bff73ea4c6992cc17fa9ec36\">\n.flex_column.av-av_one_full-9497bbf8bff73ea4c6992cc17fa9ec36{\nborder-radius:0px 0px 0px 0px;\npadding:0px 0px 0px 0px;\n}\n<\/style>\n<div  class='flex_column av-av_one_full-9497bbf8bff73ea4c6992cc17fa9ec36 av_one_full  avia-builder-el-13  el_after_av_two_third  el_before_av_one_fifth  first flex_column_div av-zero-column-padding  column-top-margin'     ><style type=\"text\/css\" data-created_by=\"avia_inline_auto\" id=\"style-css-av-av_heading-ee030880ab7c7151401c86ec37f78fa1\">\n#top .av-special-heading.av-av_heading-ee030880ab7c7151401c86ec37f78fa1{\npadding-bottom:0;\n}\nbody .av-special-heading.av-av_heading-ee030880ab7c7151401c86ec37f78fa1 .av-special-heading-tag .heading-char{\nfont-size:25px;\n}\n.av-special-heading.av-av_heading-ee030880ab7c7151401c86ec37f78fa1 .av-subheading{\nfont-size:15px;\n}\n<\/style>\n<div  class='av-special-heading av-av_heading-ee030880ab7c7151401c86ec37f78fa1 av-special-heading-h2 blockquote modern-quote  avia-builder-el-14  avia-builder-el-no-sibling '><h2 class='av-special-heading-tag '  itemprop=\"headline\"  >Actividades en la comarca del Bergued\u00e0<\/h2><div class=\"special-heading-border\"><div class=\"special-heading-inner-border\"><\/div><\/div><\/div><\/div>\n\n<style type=\"text\/css\" data-created_by=\"avia_inline_auto\" id=\"style-css-av-av_one_fifth-9497bbf8bff73ea4c6992cc17fa9ec36\">\n.flex_column.av-av_one_fifth-9497bbf8bff73ea4c6992cc17fa9ec36{\nborder-radius:0px 0px 0px 0px;\npadding:0px 0px 0px 0px;\n}\n<\/style>\n<div  class='flex_column av-av_one_fifth-9497bbf8bff73ea4c6992cc17fa9ec36 av_one_fifth  avia-builder-el-15  el_after_av_one_full  el_before_av_one_fifth  first flex_column_div av-zero-column-padding  column-top-margin'     ><section  class='av_textblock_section av-av_textblock-0366cc7376be6c9e82a3e9cc8987b64f '   itemscope=\"itemscope\" itemtype=\"https:\/\/schema.org\/CreativeWork\" ><div class='avia_textblock'  itemprop=\"text\" ><h3>Visitas de inter\u00e9s<\/h3>\n<ul>\n<li>Fuives (el Burro catal\u00e1n) (Olvan)<\/li>\n<li>Jardins d\u2019Artigas d\u2019Antoni Gaud\u00ed (La Pobla de Lillet)<\/li>\n<li>Museo de les Mines de Cercs<\/li>\n<li>Museo de la f\u00e0brica del ciment (Casteller de n\u2019Hug)<\/li>\n<li>Mina de petr\u00f3leo de Riutort ( Guardiola )<\/li>\n<li>Centro Medieval i dels C\u00e0tars (Bag\u00e0)<\/li>\n<li>Sala de les Pintures del Palau de Pin\u00f3s (Bag\u00e0)<\/li>\n<li>Carrilet Verd (Cercs)<\/li>\n<li>Los dinosaurios de Fumanya, yacimiento paleontol\u00f3gico (F\u00edgols)<\/li>\n<li>Museo de la f\u00e1brica textil (Col\u00f2nia Vidal)<\/li>\n<\/ul>\n<\/div><\/section><\/div>\n\n<style type=\"text\/css\" data-created_by=\"avia_inline_auto\" id=\"style-css-av-av_one_fifth-9c1d454dc06f7247226bc4e8f931daae\">\n.flex_column.av-av_one_fifth-9c1d454dc06f7247226bc4e8f931daae{\nborder-radius:0px 0px 0px 0px;\npadding:0px 0px 0px 0px;\n}\n<\/style>\n<div  class='flex_column av-av_one_fifth-9c1d454dc06f7247226bc4e8f931daae av_one_fifth  avia-builder-el-17  el_after_av_one_fifth  el_before_av_one_fifth  flex_column_div av-zero-column-padding  column-top-margin'     ><section  class='av_textblock_section av-av_textblock-0366cc7376be6c9e82a3e9cc8987b64f '   itemscope=\"itemscope\" itemtype=\"https:\/\/schema.org\/CreativeWork\" ><div class='avia_textblock'  itemprop=\"text\" ><h3>Lugares de inter\u00e9s natural<\/h3>\n<ul>\n<li>El Pedraforca<\/li>\n<li>Parc Natural del Cad\u00ed-Moixer\u00f3<\/li>\n<li>Serra d&#8217;Ensija-Rasos de Peguera<\/li>\n<li>Santuari de Queralt<\/li>\n<li>Serra del Catllar\u00e0s<\/li>\n<li>Riera de Merl\u00e8s<\/li>\n<li>Els Tres Hereus<\/li>\n<li>Fonts del Llobregat<\/li>\n<\/ul>\n<\/div><\/section><\/div>\n\n<style type=\"text\/css\" data-created_by=\"avia_inline_auto\" id=\"style-css-av-av_one_fifth-9c1d454dc06f7247226bc4e8f931daae\">\n.flex_column.av-av_one_fifth-9c1d454dc06f7247226bc4e8f931daae{\nborder-radius:0px 0px 0px 0px;\npadding:0px 0px 0px 0px;\n}\n<\/style>\n<div  class='flex_column av-av_one_fifth-9c1d454dc06f7247226bc4e8f931daae av_one_fifth  avia-builder-el-19  el_after_av_one_fifth  el_before_av_one_fifth  flex_column_div av-zero-column-padding  column-top-margin'     ><section  class='av_textblock_section av-av_textblock-0366cc7376be6c9e82a3e9cc8987b64f '   itemscope=\"itemscope\" itemtype=\"https:\/\/schema.org\/CreativeWork\" ><div class='avia_textblock'  itemprop=\"text\" ><h3>Rutas a pie interesantes<\/h3>\n<ul>\n<li>Ruta de las Colonias Textiles del Llobregat (Gironella)<\/li>\n<li>Cam\u00ed dels Bons Homes (Bag\u00e0)<\/li>\n<li>Cavalls del Vent (Bag\u00e0)<\/li>\n<li>Ruta de l\u2019Ermit\u00e0 (Casteller de n\u2019Hug)<\/li>\n<li>Mirador del Pedraforca (Saldes)<\/li>\n<li>Rutas del Caracremada (Castellar del Riu)<\/li>\n<li>Mirador de la Quar<\/li>\n<li>Caminos de la Portella<\/li>\n<\/ul>\n<\/div><\/section><\/div>\n\n<style type=\"text\/css\" data-created_by=\"avia_inline_auto\" id=\"style-css-av-av_one_fifth-9c1d454dc06f7247226bc4e8f931daae\">\n.flex_column.av-av_one_fifth-9c1d454dc06f7247226bc4e8f931daae{\nborder-radius:0px 0px 0px 0px;\npadding:0px 0px 0px 0px;\n}\n<\/style>\n<div  class='flex_column av-av_one_fifth-9c1d454dc06f7247226bc4e8f931daae av_one_fifth  avia-builder-el-21  el_after_av_one_fifth  el_before_av_one_fifth  flex_column_div av-zero-column-padding  column-top-margin'     ><section  class='av_textblock_section av-av_textblock-0366cc7376be6c9e82a3e9cc8987b64f '   itemscope=\"itemscope\" itemtype=\"https:\/\/schema.org\/CreativeWork\" ><div class='avia_textblock'  itemprop=\"text\" ><h3>Rutas por el rom\u00e1nico<\/h3>\n<ul>\n<li>St. Quirze de Pedret (Cercs)<\/li>\n<li>St. Vicen\u00e7 d\u2019Obiols<\/li>\n<li>St. Jaume de Frontany\u00e0<\/li>\n<li>Sta. Maria de Lillet (La Pobla de Lillet)<\/li>\n<li>St. Pau de Casserres<\/li>\n<li>St. Andreu de Sag\u00e0s<\/li>\n<li>LaPortella<\/li>\n<li>La Nou<\/li>\n<\/ul>\n<\/div><\/section><\/div>\n<style type=\"text\/css\" data-created_by=\"avia_inline_auto\" id=\"style-css-av-av_one_fifth-9c1d454dc06f7247226bc4e8f931daae\">\n.flex_column.av-av_one_fifth-9c1d454dc06f7247226bc4e8f931daae{\nborder-radius:0px 0px 0px 0px;\npadding:0px 0px 0px 0px;\n}\n<\/style>\n<div  class='flex_column av-av_one_fifth-9c1d454dc06f7247226bc4e8f931daae av_one_fifth  avia-builder-el-23  el_after_av_one_fifth  avia-builder-el-last  flex_column_div av-zero-column-padding  column-top-margin'     ><section  class='av_textblock_section av-av_textblock-0366cc7376be6c9e82a3e9cc8987b64f '   itemscope=\"itemscope\" itemtype=\"https:\/\/schema.org\/CreativeWork\" ><div class='avia_textblock'  itemprop=\"text\" ><h3>Empresas especializadas<\/h3>\n<ul>\n<li>Deportes de aventura<\/li>\n<li>Deportes n\u00e1uticos y de vela<\/li>\n<li>Deportes en la nieve<\/li>\n<li>Parques de aventura<\/li>\n<li>Bicicletas, motos y quads<\/li>\n<li>Pesca y caza<\/li>\n<li>Parapente y paramotor<\/li>\n<li>Equitaci\u00f3n<\/li>\n<li>Monta\u00f1ismo y Senderismo<\/li>\n<li>Pistas de tenis y p\u00e1del<\/li>\n<\/ul>\n<\/div><\/section><\/div><\/p>\n","protected":false},"excerpt":{"rendered":"","protected":false},"author":5,"featured_media":0,"parent":0,"menu_order":0,"comment_status":"closed","ping_status":"closed","template":"","meta":{"footnotes":""},"class_list":["post-966","page","type-page","status-publish","hentry"],"yoast_head":"<!-- This site is optimized with the Yoast SEO plugin v27.5 - https:\/\/yoast.com\/product\/yoast-seo-wordpress\/ -->\n<title>Actividades - Masia Cal F\u00e0brega<\/title>\n<meta name=\"robots\" content=\"index, follow, max-snippet:-1, max-image-preview:large, max-video-preview:-1\" \/>\n<link rel=\"canonical\" href=\"https:\/\/www.masiacalfabrega.com\/es\/actividades\/\" \/>\n<meta property=\"og:locale\" content=\"es_ES\" \/>\n<meta property=\"og:type\" content=\"article\" \/>\n<meta property=\"og:title\" content=\"Actividades - Masia Cal F\u00e0brega\" \/>\n<meta property=\"og:url\" content=\"https:\/\/www.masiacalfabrega.com\/es\/actividades\/\" \/>\n<meta property=\"og:site_name\" content=\"Masia Cal F\u00e0brega\" \/>\n<meta property=\"article:modified_time\" content=\"2017-03-10T16:12:38+00:00\" \/>\n<meta name=\"twitter:card\" content=\"summary_large_image\" \/>\n<meta name=\"twitter:label1\" content=\"Tiempo de lectura\" \/>\n\t<meta name=\"twitter:data1\" content=\"6 minutos\" \/>\n<script type=\"application\/ld+json\" class=\"yoast-schema-graph\">{\"@context\":\"https:\\\/\\\/schema.org\",\"@graph\":[{\"@type\":\"WebPage\",\"@id\":\"https:\\\/\\\/www.masiacalfabrega.com\\\/es\\\/actividades\\\/\",\"url\":\"https:\\\/\\\/www.masiacalfabrega.com\\\/es\\\/actividades\\\/\",\"name\":\"Actividades - Masia Cal F\u00e0brega\",\"isPartOf\":{\"@id\":\"https:\\\/\\\/www.masiacalfabrega.com\\\/#website\"},\"datePublished\":\"2017-03-10T06:44:46+00:00\",\"dateModified\":\"2017-03-10T16:12:38+00:00\",\"breadcrumb\":{\"@id\":\"https:\\\/\\\/www.masiacalfabrega.com\\\/es\\\/actividades\\\/#breadcrumb\"},\"inLanguage\":\"es\",\"potentialAction\":[{\"@type\":\"ReadAction\",\"target\":[\"https:\\\/\\\/www.masiacalfabrega.com\\\/es\\\/actividades\\\/\"]}]},{\"@type\":\"BreadcrumbList\",\"@id\":\"https:\\\/\\\/www.masiacalfabrega.com\\\/es\\\/actividades\\\/#breadcrumb\",\"itemListElement\":[{\"@type\":\"ListItem\",\"position\":1,\"name\":\"Inici\",\"item\":\"https:\\\/\\\/www.masiacalfabrega.com\\\/es\\\/la-casa\\\/\"},{\"@type\":\"ListItem\",\"position\":2,\"name\":\"Actividades\"}]},{\"@type\":\"WebSite\",\"@id\":\"https:\\\/\\\/www.masiacalfabrega.com\\\/#website\",\"url\":\"https:\\\/\\\/www.masiacalfabrega.com\\\/\",\"name\":\"Masia Cal F\u00e0brega\",\"description\":\"Casa de turisme rural a Casserres (Bergued\u00e0)\",\"potentialAction\":[{\"@type\":\"SearchAction\",\"target\":{\"@type\":\"EntryPoint\",\"urlTemplate\":\"https:\\\/\\\/www.masiacalfabrega.com\\\/?s={search_term_string}\"},\"query-input\":{\"@type\":\"PropertyValueSpecification\",\"valueRequired\":true,\"valueName\":\"search_term_string\"}}],\"inLanguage\":\"es\"}]}<\/script>\n<!-- \/ Yoast SEO plugin. -->","yoast_head_json":{"title":"Actividades - Masia Cal F\u00e0brega","robots":{"index":"index","follow":"follow","max-snippet":"max-snippet:-1","max-image-preview":"max-image-preview:large","max-video-preview":"max-video-preview:-1"},"canonical":"https:\/\/www.masiacalfabrega.com\/es\/actividades\/","og_locale":"es_ES","og_type":"article","og_title":"Actividades - Masia Cal F\u00e0brega","og_url":"https:\/\/www.masiacalfabrega.com\/es\/actividades\/","og_site_name":"Masia Cal F\u00e0brega","article_modified_time":"2017-03-10T16:12:38+00:00","twitter_card":"summary_large_image","twitter_misc":{"Tiempo de lectura":"6 minutos"},"schema":{"@context":"https:\/\/schema.org","@graph":[{"@type":"WebPage","@id":"https:\/\/www.masiacalfabrega.com\/es\/actividades\/","url":"https:\/\/www.masiacalfabrega.com\/es\/actividades\/","name":"Actividades - Masia Cal F\u00e0brega","isPartOf":{"@id":"https:\/\/www.masiacalfabrega.com\/#website"},"datePublished":"2017-03-10T06:44:46+00:00","dateModified":"2017-03-10T16:12:38+00:00","breadcrumb":{"@id":"https:\/\/www.masiacalfabrega.com\/es\/actividades\/#breadcrumb"},"inLanguage":"es","potentialAction":[{"@type":"ReadAction","target":["https:\/\/www.masiacalfabrega.com\/es\/actividades\/"]}]},{"@type":"BreadcrumbList","@id":"https:\/\/www.masiacalfabrega.com\/es\/actividades\/#breadcrumb","itemListElement":[{"@type":"ListItem","position":1,"name":"Inici","item":"https:\/\/www.masiacalfabrega.com\/es\/la-casa\/"},{"@type":"ListItem","position":2,"name":"Actividades"}]},{"@type":"WebSite","@id":"https:\/\/www.masiacalfabrega.com\/#website","url":"https:\/\/www.masiacalfabrega.com\/","name":"Masia Cal F\u00e0brega","description":"Casa de turisme rural a Casserres (Bergued\u00e0)","potentialAction":[{"@type":"SearchAction","target":{"@type":"EntryPoint","urlTemplate":"https:\/\/www.masiacalfabrega.com\/?s={search_term_string}"},"query-input":{"@type":"PropertyValueSpecification","valueRequired":true,"valueName":"search_term_string"}}],"inLanguage":"es"}]}},"_links":{"self":[{"href":"https:\/\/www.masiacalfabrega.com\/es\/wp-json\/wp\/v2\/pages\/966","targetHints":{"allow":["GET"]}}],"collection":[{"href":"https:\/\/www.masiacalfabrega.com\/es\/wp-json\/wp\/v2\/pages"}],"about":[{"href":"https:\/\/www.masiacalfabrega.com\/es\/wp-json\/wp\/v2\/types\/page"}],"author":[{"embeddable":true,"href":"https:\/\/www.masiacalfabrega.com\/es\/wp-json\/wp\/v2\/users\/5"}],"replies":[{"embeddable":true,"href":"https:\/\/www.masiacalfabrega.com\/es\/wp-json\/wp\/v2\/comments?post=966"}],"version-history":[{"count":4,"href":"https:\/\/www.masiacalfabrega.com\/es\/wp-json\/wp\/v2\/pages\/966\/revisions"}],"predecessor-version":[{"id":988,"href":"https:\/\/www.masiacalfabrega.com\/es\/wp-json\/wp\/v2\/pages\/966\/revisions\/988"}],"wp:attachment":[{"href":"https:\/\/www.masiacalfabrega.com\/es\/wp-json\/wp\/v2\/media?parent=966"}],"curies":[{"name":"wp","href":"https:\/\/api.w.org\/{rel}","templated":true}]}}