{"id":1059,"date":"2017-05-24T10:53:26","date_gmt":"2017-05-24T10:53:26","guid":{"rendered":"http:\/\/masiacalfabrega.com\/?page_id=1059\/"},"modified":"2026-01-08T09:07:26","modified_gmt":"2026-01-08T09:07:26","slug":"tarifs","status":"publish","type":"page","link":"https:\/\/www.masiacalfabrega.com\/fr\/tarifs\/","title":{"rendered":"Tarifs"},"content":{"rendered":"<div id='full_slider_1'  class='avia-fullwidth-slider main_color avia-shadow   avia-builder-el-0  el_before_av_one_full  avia-builder-el-first   container_wrap fullsize'  ><div  class='avia-slideshow av-1k66szn-b1f745ff83e31636baa1cce32a38bd78 avia-slideshow-featured av_slideshow_full avia-slide-slider av-slideshow-ui av-control-default av-slideshow-autoplay av-loop-endless av-loop-manual-endless av-default-height-applied   avia-slideshow-1' data-slideshow-options=\"{&quot;animation&quot;:&quot;slide&quot;,&quot;autoplay&quot;:true,&quot;loop_autoplay&quot;:&quot;endless&quot;,&quot;interval&quot;:5,&quot;loop_manual&quot;:&quot;manual-endless&quot;,&quot;autoplay_stopper&quot;:false,&quot;noNavigation&quot;:false,&quot;bg_slider&quot;:false,&quot;keep_padding&quot;:false,&quot;hoverpause&quot;:false,&quot;show_slide_delay&quot;:0}\"  itemprop=\"image\" itemscope=\"itemscope\" itemtype=\"https:\/\/schema.org\/ImageObject\" ><ul class='avia-slideshow-inner ' style='padding-bottom: 28.666666666667%;'><li  class='avia-slideshow-slide av-1k66szn-b1f745ff83e31636baa1cce32a38bd78__0  slide-1 slide-odd'><div data-rel='slideshow-1' class='avia-slide-wrap '   ><img decoding=\"async\" fetchpriority=\"high\" class=\"wp-image-2032 avia-img-lazy-loading-not-2032\"  src=\"https:\/\/www.masiacalfabrega.com\/wp-content\/uploads\/2023\/02\/DSC_8202-1500x430.jpg\" width=\"1500\" height=\"430\" title='DSC_8202' alt=''  itemprop=\"thumbnailUrl\"   \/><\/div><\/li><li  class='avia-slideshow-slide av-1k66szn-b1f745ff83e31636baa1cce32a38bd78__1  slide-2 slide-even'><div data-rel='slideshow-1' class='avia-slide-wrap '   ><img decoding=\"async\" fetchpriority=\"high\" class=\"wp-image-1984 avia-img-lazy-loading-not-1984\"  src=\"https:\/\/www.masiacalfabrega.com\/wp-content\/uploads\/2023\/02\/DSC_6195-1500x430.jpg\" width=\"1500\" height=\"430\" title='DSC_6195' alt=''  itemprop=\"thumbnailUrl\"   \/><\/div><\/li><li  class='avia-slideshow-slide av-1k66szn-b1f745ff83e31636baa1cce32a38bd78__2  slide-3 slide-odd'><div data-rel='slideshow-1' class='avia-slide-wrap '   ><img decoding=\"async\" fetchpriority=\"high\" class=\"wp-image-1976 avia-img-lazy-loading-not-1976\"  src=\"https:\/\/www.masiacalfabrega.com\/wp-content\/uploads\/2023\/02\/DSC_6179foc-1500x430.jpg\" width=\"1500\" height=\"430\" title='DSC_6179foc' alt=''  itemprop=\"thumbnailUrl\"   \/><\/div><\/li><li  class='avia-slideshow-slide av-1k66szn-b1f745ff83e31636baa1cce32a38bd78__3  slide-4 slide-even'><div data-rel='slideshow-1' class='avia-slide-wrap '   ><img decoding=\"async\" fetchpriority=\"high\" class=\"wp-image-2016 avia-img-lazy-loading-not-2016\"  src=\"https:\/\/www.masiacalfabrega.com\/wp-content\/uploads\/2023\/02\/DSC_8143-1500x430.jpg\" width=\"1500\" height=\"430\" title='DSC_8143' alt=''  itemprop=\"thumbnailUrl\"   \/><\/div><\/li><\/ul><div class='avia-slideshow-arrows avia-slideshow-controls' ><a href='#prev' class='prev-slide ' aria-hidden='true' data-av_icon='\ue87c' data-av_iconfont='entypo-fontello'  tabindex='-1'>Pr\u00e9c\u00e9dent<\/a><a href='#next' class='next-slide ' aria-hidden='true' data-av_icon='\ue87d' data-av_iconfont='entypo-fontello'  tabindex='-1'>Suivant<\/a><\/div><div class='avia-slideshow-dots avia-slideshow-controls'><a href='#1' class='goto-slide active' >1<\/a><a href='#2' class='goto-slide ' >2<\/a><a href='#3' class='goto-slide ' >3<\/a><a href='#4' class='goto-slide ' >4<\/a><\/div><\/div><\/div><div id='after_full_slider_1'  class='main_color av_default_container_wrap container_wrap fullsize'  ><div class='container av-section-cont-open' ><div class='template-page content  av-content-full alpha units'><div class='post-entry post-entry-type-page post-entry-1059'><div class='entry-content-wrapper clearfix'>\n\n<style type=\"text\/css\" data-created_by=\"avia_inline_auto\" id=\"style-css-av-18167j7-493983dbbf655b5218704f863b9ab8cc\">\n.flex_column.av-18167j7-493983dbbf655b5218704f863b9ab8cc{\nborder-radius:0px 0px 0px 0px;\npadding:0px 0px 0px 0px;\n}\n<\/style>\n<div  class='flex_column av-18167j7-493983dbbf655b5218704f863b9ab8cc av_one_full  avia-builder-el-1  el_after_av_slideshow_full  el_before_av_one_full  avia-builder-el-first  first flex_column_div av-zero-column-padding  '     ><p>\n<style type=\"text\/css\" data-created_by=\"avia_inline_auto\" id=\"style-css-av-1y7vwj-85e28db731b3d19666b4c968a53d0686\">\n#top .av-special-heading.av-1y7vwj-85e28db731b3d19666b4c968a53d0686{\npadding-bottom:0;\n}\nbody .av-special-heading.av-1y7vwj-85e28db731b3d19666b4c968a53d0686 .av-special-heading-tag .heading-char{\nfont-size:25px;\n}\n.av-special-heading.av-1y7vwj-85e28db731b3d19666b4c968a53d0686 .av-subheading{\nfont-size:15px;\n}\n<\/style>\n<div  class='av-special-heading av-1y7vwj-85e28db731b3d19666b4c968a53d0686 av-special-heading-h2 blockquote modern-quote  avia-builder-el-2  el_before_av_hr  avia-builder-el-first '><h2 class='av-special-heading-tag '  itemprop=\"headline\"  >Tarifs<\/h2><div class=\"special-heading-border\"><div class=\"special-heading-inner-border\"><\/div><\/div><\/div><br \/>\n\n<style type=\"text\/css\" data-created_by=\"avia_inline_auto\" id=\"style-css-av-13vfh6b-9f79b76c1358491ce9d75a36527e853d\">\n#top .hr.hr-invisible.av-13vfh6b-9f79b76c1358491ce9d75a36527e853d{\nheight:15px;\n}\n<\/style>\n<div  class='hr av-13vfh6b-9f79b76c1358491ce9d75a36527e853d hr-invisible  avia-builder-el-3  el_after_av_heading  el_before_av_textblock '><span class='hr-inner '><span class=\"hr-inner-style\"><\/span><\/span><\/div><br \/>\n\n<style type=\"text\/css\" data-created_by=\"avia_inline_auto\" id=\"style-css-av-k0y9y0tb-41bd035d01553dff520dfb1263c7514d\">\n#top .av_textblock_section.av-k0y9y0tb-41bd035d01553dff520dfb1263c7514d .avia_textblock{\nfont-size:12px;\n}\n<\/style>\n<section  class='av_textblock_section av-k0y9y0tb-41bd035d01553dff520dfb1263c7514d '   itemscope=\"itemscope\" itemtype=\"https:\/\/schema.org\/CreativeWork\" ><div class='avia_textblock'  itemprop=\"text\" ><h3>Prix par personne et par week-end (des vendredi au dimanche).<\/h3>\n<h3>Au moins 26 personnes.<\/h3>\n<p>(haute saison, minimum 28 personnes)<\/p>\n<\/div><\/section><br \/>\n\n<style type=\"text\/css\" data-created_by=\"avia_inline_auto\" id=\"style-css-av-alot0z-9ea4dde37ad4a786fcea0258442275e6\">\n#top .av_textblock_section.av-alot0z-9ea4dde37ad4a786fcea0258442275e6 .avia_textblock{\nfont-size:12px;\n}\n<\/style>\n<section  class='av_textblock_section av-alot0z-9ea4dde37ad4a786fcea0258442275e6 '   itemscope=\"itemscope\" itemtype=\"https:\/\/schema.org\/CreativeWork\" ><div class='avia_textblock'  itemprop=\"text\" ><table>\n<tbody>\n<tr>\n<th style=\"text-align: center;\">Saison<\/th>\n<th style=\"text-align: center;\">Pirx du week-end<\/th>\n<th style=\"text-align: center;\">Lit suppl\u00e9mentaire<\/th>\n<\/tr>\n<tr>\n<td style=\"text-align: center;\">HS<\/td>\n<td style=\"text-align: center;\">81,5\u20ac<\/td>\n<td style=\"text-align: center;\">81,5\u20ac<\/td>\n<\/tr>\n<tr>\n<td style=\"text-align: center;\">MS<\/td>\n<td style=\"text-align: center;\">73\u20ac<\/td>\n<td style=\"text-align: center;\">73\u20ac<\/td>\n<\/tr>\n<tr>\n<td style=\"text-align: center;\">BS<\/td>\n<td style=\"text-align: center;\">68,8\u20ac<\/td>\n<td style=\"text-align: center;\">68,8\u20ac<\/td>\n<\/tr>\n<\/tbody>\n<\/table>\n<p><em>Basse saison : Janvier, F\u00e9vrier, Mars, Avril, Octobre, Novembre, D\u00e9cembre<\/em><br \/>\n<em>Moyenne saison : Mai, Juin, Septembre<\/em><br \/>\n<em>Haute saison : Juillet, Ao\u00fbt<\/em><\/p>\n<p><em>*Semaine enti\u00e8re, jours f\u00e9ri\u00e9s et ponts, <a href=\"http:\/\/masiacalfabrega.com\/fr\/contact\">consultation<\/a>\u00a0des prix.<\/em><\/p>\n<\/div><\/section><\/p><\/div>\n\n<style type=\"text\/css\" data-created_by=\"avia_inline_auto\" id=\"style-css-av-8u150z-047a31133be5fd077ad72c0db815f519\">\n.flex_column.av-8u150z-047a31133be5fd077ad72c0db815f519{\nborder-radius:0px 0px 0px 0px;\npadding:0px 0px 0px 0px;\n}\n<\/style>\n<div  class='flex_column av-8u150z-047a31133be5fd077ad72c0db815f519 av_one_full  avia-builder-el-6  el_after_av_one_full  avia-builder-el-last  first flex_column_div av-zero-column-padding  column-top-margin'     ><p>\n<style type=\"text\/css\" data-created_by=\"avia_inline_auto\" id=\"style-css-av-7tr74z-c7d938b25f4f8c2f189623ef106bcdcf\">\n#top .av-special-heading.av-7tr74z-c7d938b25f4f8c2f189623ef106bcdcf{\npadding-bottom:0;\n}\nbody .av-special-heading.av-7tr74z-c7d938b25f4f8c2f189623ef106bcdcf .av-special-heading-tag .heading-char{\nfont-size:25px;\n}\n.av-special-heading.av-7tr74z-c7d938b25f4f8c2f189623ef106bcdcf .av-subheading{\nfont-size:15px;\n}\n<\/style>\n<div  class='av-special-heading av-7tr74z-c7d938b25f4f8c2f189623ef106bcdcf av-special-heading-h2 blockquote modern-quote  avia-builder-el-7  el_before_av_hr  avia-builder-el-first '><h2 class='av-special-heading-tag '  itemprop=\"headline\"  >V\u00e9rifiez la disponibilit\u00e9<\/h2><div class=\"special-heading-border\"><div class=\"special-heading-inner-border\"><\/div><\/div><\/div><br \/>\n\n<style type=\"text\/css\" data-created_by=\"avia_inline_auto\" id=\"style-css-av-5rn5r7-a38a7be2469b00aaa6ec096abfb21d5d\">\n#top .hr.hr-invisible.av-5rn5r7-a38a7be2469b00aaa6ec096abfb21d5d{\nheight:15px;\n}\n<\/style>\n<div  class='hr av-5rn5r7-a38a7be2469b00aaa6ec096abfb21d5d hr-invisible  avia-builder-el-8  el_after_av_heading  el_before_av_codeblock '><span class='hr-inner '><span class=\"hr-inner-style\"><\/span><\/span><\/div><br \/>\n<br \/>\n<div  class='avia-button-wrap av-2di303-7db691b61bad2690f5d35b30b62d84a2-wrap avia-button-center  avia-builder-el-10  el_after_av_codeblock  avia-builder-el-last '><a href='https:\/\/www.masiacalfabrega.com\/reserva-online\/reservar_fr.htm' class='avia-button av-2di303-7db691b61bad2690f5d35b30b62d84a2 av-link-btn avia-icon_select-yes-left-icon avia-size-x-large avia-position-center avia-color-theme-color' target=\"_blank\" rel=\"noopener noreferrer\" aria-label=\"R\u00e9servez maintenant!\"><span class='avia_button_icon avia_button_icon_left' aria-hidden='true' data-av_icon='\ue812' data-av_iconfont='entypo-fontello'><\/span><span class='avia_iconbox_title' >R\u00e9servez maintenant!<\/span><\/a><\/div><\/p><\/div>\n","protected":false},"excerpt":{"rendered":"","protected":false},"author":5,"featured_media":0,"parent":0,"menu_order":0,"comment_status":"closed","ping_status":"closed","template":"","meta":{"footnotes":""},"class_list":["post-1059","page","type-page","status-publish","hentry"],"yoast_head":"<!-- This site is optimized with the Yoast SEO plugin v27.5 - https:\/\/yoast.com\/product\/yoast-seo-wordpress\/ -->\n<title>Tarifs - Masia Cal F\u00e0brega<\/title>\n<meta name=\"robots\" content=\"index, follow, max-snippet:-1, max-image-preview:large, max-video-preview:-1\" \/>\n<link rel=\"canonical\" href=\"https:\/\/www.masiacalfabrega.com\/fr\/tarifs\/\" \/>\n<meta property=\"og:locale\" content=\"fr_FR\" \/>\n<meta property=\"og:type\" content=\"article\" \/>\n<meta property=\"og:title\" content=\"Tarifs - Masia Cal F\u00e0brega\" \/>\n<meta property=\"og:url\" content=\"https:\/\/www.masiacalfabrega.com\/fr\/tarifs\/\" \/>\n<meta property=\"og:site_name\" content=\"Masia Cal F\u00e0brega\" \/>\n<meta property=\"article:modified_time\" content=\"2026-01-08T09:07:26+00:00\" \/>\n<meta name=\"twitter:card\" content=\"summary_large_image\" \/>\n<meta name=\"twitter:label1\" content=\"Dur\u00e9e de lecture estim\u00e9e\" \/>\n\t<meta name=\"twitter:data1\" content=\"2 minutes\" \/>\n<script type=\"application\/ld+json\" class=\"yoast-schema-graph\">{\"@context\":\"https:\\\/\\\/schema.org\",\"@graph\":[{\"@type\":\"WebPage\",\"@id\":\"https:\\\/\\\/www.masiacalfabrega.com\\\/fr\\\/tarifs\\\/\",\"url\":\"https:\\\/\\\/www.masiacalfabrega.com\\\/fr\\\/tarifs\\\/\",\"name\":\"Tarifs - Masia Cal F\u00e0brega\",\"isPartOf\":{\"@id\":\"https:\\\/\\\/www.masiacalfabrega.com\\\/#website\"},\"datePublished\":\"2017-05-24T10:53:26+00:00\",\"dateModified\":\"2026-01-08T09:07:26+00:00\",\"breadcrumb\":{\"@id\":\"https:\\\/\\\/www.masiacalfabrega.com\\\/fr\\\/tarifs\\\/#breadcrumb\"},\"inLanguage\":\"fr-FR\",\"potentialAction\":[{\"@type\":\"ReadAction\",\"target\":[\"https:\\\/\\\/www.masiacalfabrega.com\\\/fr\\\/tarifs\\\/\"]}]},{\"@type\":\"BreadcrumbList\",\"@id\":\"https:\\\/\\\/www.masiacalfabrega.com\\\/fr\\\/tarifs\\\/#breadcrumb\",\"itemListElement\":[{\"@type\":\"ListItem\",\"position\":1,\"name\":\"Inici\",\"item\":\"https:\\\/\\\/www.masiacalfabrega.com\\\/fr\\\/accueil\\\/\"},{\"@type\":\"ListItem\",\"position\":2,\"name\":\"Tarifs\"}]},{\"@type\":\"WebSite\",\"@id\":\"https:\\\/\\\/www.masiacalfabrega.com\\\/#website\",\"url\":\"https:\\\/\\\/www.masiacalfabrega.com\\\/\",\"name\":\"Masia Cal F\u00e0brega\",\"description\":\"Casa de turisme rural a Casserres (Bergued\u00e0)\",\"potentialAction\":[{\"@type\":\"SearchAction\",\"target\":{\"@type\":\"EntryPoint\",\"urlTemplate\":\"https:\\\/\\\/www.masiacalfabrega.com\\\/?s={search_term_string}\"},\"query-input\":{\"@type\":\"PropertyValueSpecification\",\"valueRequired\":true,\"valueName\":\"search_term_string\"}}],\"inLanguage\":\"fr-FR\"}]}<\/script>\n<!-- \/ Yoast SEO plugin. -->","yoast_head_json":{"title":"Tarifs - Masia Cal F\u00e0brega","robots":{"index":"index","follow":"follow","max-snippet":"max-snippet:-1","max-image-preview":"max-image-preview:large","max-video-preview":"max-video-preview:-1"},"canonical":"https:\/\/www.masiacalfabrega.com\/fr\/tarifs\/","og_locale":"fr_FR","og_type":"article","og_title":"Tarifs - Masia Cal F\u00e0brega","og_url":"https:\/\/www.masiacalfabrega.com\/fr\/tarifs\/","og_site_name":"Masia Cal F\u00e0brega","article_modified_time":"2026-01-08T09:07:26+00:00","twitter_card":"summary_large_image","twitter_misc":{"Dur\u00e9e de lecture estim\u00e9e":"2 minutes"},"schema":{"@context":"https:\/\/schema.org","@graph":[{"@type":"WebPage","@id":"https:\/\/www.masiacalfabrega.com\/fr\/tarifs\/","url":"https:\/\/www.masiacalfabrega.com\/fr\/tarifs\/","name":"Tarifs - Masia Cal F\u00e0brega","isPartOf":{"@id":"https:\/\/www.masiacalfabrega.com\/#website"},"datePublished":"2017-05-24T10:53:26+00:00","dateModified":"2026-01-08T09:07:26+00:00","breadcrumb":{"@id":"https:\/\/www.masiacalfabrega.com\/fr\/tarifs\/#breadcrumb"},"inLanguage":"fr-FR","potentialAction":[{"@type":"ReadAction","target":["https:\/\/www.masiacalfabrega.com\/fr\/tarifs\/"]}]},{"@type":"BreadcrumbList","@id":"https:\/\/www.masiacalfabrega.com\/fr\/tarifs\/#breadcrumb","itemListElement":[{"@type":"ListItem","position":1,"name":"Inici","item":"https:\/\/www.masiacalfabrega.com\/fr\/accueil\/"},{"@type":"ListItem","position":2,"name":"Tarifs"}]},{"@type":"WebSite","@id":"https:\/\/www.masiacalfabrega.com\/#website","url":"https:\/\/www.masiacalfabrega.com\/","name":"Masia Cal F\u00e0brega","description":"Casa de turisme rural a Casserres (Bergued\u00e0)","potentialAction":[{"@type":"SearchAction","target":{"@type":"EntryPoint","urlTemplate":"https:\/\/www.masiacalfabrega.com\/?s={search_term_string}"},"query-input":{"@type":"PropertyValueSpecification","valueRequired":true,"valueName":"search_term_string"}}],"inLanguage":"fr-FR"}]}},"_links":{"self":[{"href":"https:\/\/www.masiacalfabrega.com\/fr\/wp-json\/wp\/v2\/pages\/1059","targetHints":{"allow":["GET"]}}],"collection":[{"href":"https:\/\/www.masiacalfabrega.com\/fr\/wp-json\/wp\/v2\/pages"}],"about":[{"href":"https:\/\/www.masiacalfabrega.com\/fr\/wp-json\/wp\/v2\/types\/page"}],"author":[{"embeddable":true,"href":"https:\/\/www.masiacalfabrega.com\/fr\/wp-json\/wp\/v2\/users\/5"}],"replies":[{"embeddable":true,"href":"https:\/\/www.masiacalfabrega.com\/fr\/wp-json\/wp\/v2\/comments?post=1059"}],"version-history":[{"count":10,"href":"https:\/\/www.masiacalfabrega.com\/fr\/wp-json\/wp\/v2\/pages\/1059\/revisions"}],"predecessor-version":[{"id":2469,"href":"https:\/\/www.masiacalfabrega.com\/fr\/wp-json\/wp\/v2\/pages\/1059\/revisions\/2469"}],"wp:attachment":[{"href":"https:\/\/www.masiacalfabrega.com\/fr\/wp-json\/wp\/v2\/media?parent=1059"}],"curies":[{"name":"wp","href":"https:\/\/api.w.org\/{rel}","templated":true}]}}