{"id":2409,"date":"2025-12-17T12:02:09","date_gmt":"2025-12-17T12:02:09","guid":{"rendered":"https:\/\/www.masiacalfabrega.com\/?page_id=2409"},"modified":"2025-12-18T08:17:09","modified_gmt":"2025-12-18T08:17:09","slug":"contactez-nous","status":"publish","type":"page","link":"https:\/\/www.masiacalfabrega.com\/fr\/contactez-nous\/","title":{"rendered":"Contactez-nous"},"content":{"rendered":"\n<style type=\"text\/css\" data-created_by=\"avia_inline_auto\" id=\"style-css-av-7kgs8-e94a50e4d1dd49b315542927320fcca7\">\n#top .av-special-heading.av-7kgs8-e94a50e4d1dd49b315542927320fcca7{\npadding-bottom:10px;\n}\nbody .av-special-heading.av-7kgs8-e94a50e4d1dd49b315542927320fcca7 .av-special-heading-tag .heading-char{\nfont-size:25px;\n}\n.av-special-heading.av-7kgs8-e94a50e4d1dd49b315542927320fcca7 .av-subheading{\nfont-size:15px;\n}\n<\/style>\n<div  class='av-special-heading av-7kgs8-e94a50e4d1dd49b315542927320fcca7 av-special-heading-h2 blockquote modern-quote  avia-builder-el-0  el_before_av_three_fifth  avia-builder-el-first '><h2 class='av-special-heading-tag '  itemprop=\"headline\"  >Contactez-nous<\/h2><div class=\"special-heading-border\"><div class=\"special-heading-inner-border\"><\/div><\/div><\/div>\n\n<style type=\"text\/css\" data-created_by=\"avia_inline_auto\" id=\"style-css-av-386dq8-92f9fc040dc91353a50153959317dd7d\">\n.flex_column.av-386dq8-92f9fc040dc91353a50153959317dd7d{\nborder-radius:0px 0px 0px 0px;\npadding:0px 0px 0px 0px;\n}\n<\/style>\n<div  class='flex_column av-386dq8-92f9fc040dc91353a50153959317dd7d av_three_fifth  avia-builder-el-1  el_after_av_heading  el_before_av_two_fifth  first flex_column_div av-zero-column-padding  '     ><section  class='av_textblock_section av-31qzhc-67557f04fdac3739e1c8255322383ec2 '   itemscope=\"itemscope\" itemtype=\"https:\/\/schema.org\/CreativeWork\" ><div class='avia_textblock'  itemprop=\"text\" ><p>Contactez-nous<\/p>\n<\/div><\/section><\/div>\n\n<style type=\"text\/css\" data-created_by=\"avia_inline_auto\" id=\"style-css-av-2yfmew-5922e957e265228cd8ce6f31f3c79746\">\n.flex_column.av-2yfmew-5922e957e265228cd8ce6f31f3c79746{\nborder-radius:0px 0px 0px 0px;\npadding:0px 0px 0px 0px;\n}\n<\/style>\n<div  class='flex_column av-2yfmew-5922e957e265228cd8ce6f31f3c79746 av_two_fifth  avia-builder-el-3  el_after_av_three_fifth  el_before_av_contact  flex_column_div av-zero-column-padding  '     ><\/div><form action=\"https:\/\/www.masiacalfabrega.com\/fr\/contactez-nous\/\" method=\"post\" data-fields-with-error=\"Erreurs trouv\u00e9es dans les champs suivants :\" class=\"avia_ajax_form av-form-labels-visible   avia-builder-el-4  el_after_av_two_fifth  avia-builder-el-last   \" data-avia-form-id=\"1\" data-avia-redirect='' ><fieldset><p class='  first_form  form_element form_fullwidth' id='element_avia_1_1'><label for=\"avia_1_1\">Nom et pr\u00e9nom <abbr class=\"required\" title=\"requis(e)\">*<\/abbr><\/label> <input name=\"avia_1_1\" class=\"text_input is_empty\" type=\"text\" id=\"avia_1_1\" value=\"\" \/><\/p><p class='  first_form  form_element form_element_half' id='element_avia_2_1'><label for=\"avia_2_1\">T\u00e9l\u00e9phone <abbr class=\"required\" title=\"requis(e)\">*<\/abbr><\/label> <input name=\"avia_2_1\" class=\"text_input is_empty\" type=\"text\" id=\"avia_2_1\" value=\"\" \/><\/p><p class='  form_element form_element_half' id='element_avia_3_1'><label for=\"avia_3_1\">Adresse e-mail <abbr class=\"required\" title=\"requis(e)\">*<\/abbr><\/label> <input name=\"avia_3_1\" class=\"text_input is_email\" type=\"text\" id=\"avia_3_1\" value=\"\" \/><\/p><p class='  first_form  form_element form_fullwidth' id='element_avia_4_1'><label for=\"avia_4_1\" class=\"textare_label hidden textare_label_avia_4_1\">Commentaires<\/label><textarea  name=\"avia_4_1\" class=\"text_area \" cols=\"40\" rows=\"7\" id=\"avia_4_1\" ><\/textarea><\/p><p class=\"hidden\"><input type=\"text\" name=\"avia_5_1\" class=\"hidden \" id=\"avia_5_1\" value=\"\" \/><\/p><div id='avia_6_1' class='av-recaptcha-area  first_form  form_element form_fullwidth av-last-visible-form-element '  data-container_class=\"\" data-custom_class=\"\" data-context=\"av_contact_form\" data-token_input=\"av_recaptcha_token\" data-version=\"avia_recaptcha_v3\" data-theme=\"light\" data-size=\"normal\" data-score=\"0.5\" data-text_to_preview=\"\" data-value=\"\"><div class=\"av-google-badge-message hidden\">Ce site est prot\u00e9g\u00e9 par reCAPTCHA et la <a href=\"https:\/\/policies.google.com\/privacy\">politique de confidentialit\u00e9<\/a> de Google et <a href=\"https:\/\/policies.google.com\/terms\">leur conditions d\u2019utilisation<\/a> s\u2019appliquent.<\/div><\/div><p class=' av_form_privacy_check av_contact_privacy_check first_form  form_element form_fullwidth' id='element_avia_7_1'><input  name=\"avia_7_1\" class=\"input_checkbox is_empty\" type=\"checkbox\" id=\"avia_7_1\" value=\"true\"\/><label class=\"input_checkbox_label\" for=\"avia_7_1\">Accepto els termes i condicions establerts a la <a href='https:\/\/www.masiacalfabrega.com\/politica-de-privacitat\/' target='_blank' rel=\"noopener\">Pol\u00edtica de privacitat<\/a> <abbr class=\"required\" title=\"requis(e)\">*<\/abbr><\/label><\/p><p class=\"form_element \"><input type=\"hidden\" value=\"1\" name=\"avia_generated_form1\" \/><input type=\"submit\" value=\"Envoyer\" class=\"button\"  data-sending-label=\"Envoi\"\/><\/p><\/fieldset><div class=\"avia-disabled-form\">Ce formulaire est d\u00e9sactiv\u00e9 dans la mesure o\u00f9 vous refusez d\u2019accepter le service Google reCAPTCHA n\u00e9cessaire pour valider toute exp\u00e9dition de message depuis celui-ci.<\/div><\/form><div id=\"ajaxresponse_1\" class=\"ajaxresponse ajaxresponse_1 hidden\"><\/div><\/p>\n","protected":false},"excerpt":{"rendered":"","protected":false},"author":5,"featured_media":0,"parent":0,"menu_order":0,"comment_status":"closed","ping_status":"closed","template":"","meta":{"footnotes":""},"class_list":["post-2409","page","type-page","status-publish","hentry"],"yoast_head":"<!-- This site is optimized with the Yoast SEO plugin v27.0 - https:\/\/yoast.com\/product\/yoast-seo-wordpress\/ -->\n<title>Contactez-nous - Masia Cal F\u00e0brega<\/title>\n<meta name=\"robots\" content=\"index, follow, max-snippet:-1, max-image-preview:large, max-video-preview:-1\" \/>\n<link rel=\"canonical\" href=\"https:\/\/www.masiacalfabrega.com\/fr\/contactez-nous\/\" \/>\n<meta property=\"og:locale\" content=\"fr_FR\" \/>\n<meta property=\"og:type\" content=\"article\" \/>\n<meta property=\"og:title\" content=\"Contactez-nous - Masia Cal F\u00e0brega\" \/>\n<meta property=\"og:url\" content=\"https:\/\/www.masiacalfabrega.com\/fr\/contactez-nous\/\" \/>\n<meta property=\"og:site_name\" content=\"Masia Cal F\u00e0brega\" \/>\n<meta property=\"article:modified_time\" content=\"2025-12-18T08:17:09+00:00\" \/>\n<meta name=\"twitter:card\" content=\"summary_large_image\" \/>\n<meta name=\"twitter:label1\" content=\"Dur\u00e9e de lecture estim\u00e9e\" \/>\n\t<meta name=\"twitter:data1\" content=\"1 minute\" \/>\n<script type=\"application\/ld+json\" class=\"yoast-schema-graph\">{\"@context\":\"https:\/\/schema.org\",\"@graph\":[{\"@type\":\"WebPage\",\"@id\":\"https:\/\/www.masiacalfabrega.com\/fr\/contactez-nous\/\",\"url\":\"https:\/\/www.masiacalfabrega.com\/fr\/contactez-nous\/\",\"name\":\"Contactez-nous - Masia Cal F\u00e0brega\",\"isPartOf\":{\"@id\":\"https:\/\/www.masiacalfabrega.com\/#website\"},\"datePublished\":\"2025-12-17T12:02:09+00:00\",\"dateModified\":\"2025-12-18T08:17:09+00:00\",\"breadcrumb\":{\"@id\":\"https:\/\/www.masiacalfabrega.com\/fr\/contactez-nous\/#breadcrumb\"},\"inLanguage\":\"fr-FR\",\"potentialAction\":[{\"@type\":\"ReadAction\",\"target\":[\"https:\/\/www.masiacalfabrega.com\/fr\/contactez-nous\/\"]}]},{\"@type\":\"BreadcrumbList\",\"@id\":\"https:\/\/www.masiacalfabrega.com\/fr\/contactez-nous\/#breadcrumb\",\"itemListElement\":[{\"@type\":\"ListItem\",\"position\":1,\"name\":\"Inici\",\"item\":\"https:\/\/www.masiacalfabrega.com\/fr\/accueil\/\"},{\"@type\":\"ListItem\",\"position\":2,\"name\":\"Contactez-nous\"}]},{\"@type\":\"WebSite\",\"@id\":\"https:\/\/www.masiacalfabrega.com\/#website\",\"url\":\"https:\/\/www.masiacalfabrega.com\/\",\"name\":\"Masia Cal F\u00e0brega\",\"description\":\"Casa de turisme rural a Casserres (Bergued\u00e0)\",\"potentialAction\":[{\"@type\":\"SearchAction\",\"target\":{\"@type\":\"EntryPoint\",\"urlTemplate\":\"https:\/\/www.masiacalfabrega.com\/?s={search_term_string}\"},\"query-input\":{\"@type\":\"PropertyValueSpecification\",\"valueRequired\":true,\"valueName\":\"search_term_string\"}}],\"inLanguage\":\"fr-FR\"}]}<\/script>\n<!-- \/ Yoast SEO plugin. -->","yoast_head_json":{"title":"Contactez-nous - Masia Cal F\u00e0brega","robots":{"index":"index","follow":"follow","max-snippet":"max-snippet:-1","max-image-preview":"max-image-preview:large","max-video-preview":"max-video-preview:-1"},"canonical":"https:\/\/www.masiacalfabrega.com\/fr\/contactez-nous\/","og_locale":"fr_FR","og_type":"article","og_title":"Contactez-nous - Masia Cal F\u00e0brega","og_url":"https:\/\/www.masiacalfabrega.com\/fr\/contactez-nous\/","og_site_name":"Masia Cal F\u00e0brega","article_modified_time":"2025-12-18T08:17:09+00:00","twitter_card":"summary_large_image","twitter_misc":{"Dur\u00e9e de lecture estim\u00e9e":"1 minute"},"schema":{"@context":"https:\/\/schema.org","@graph":[{"@type":"WebPage","@id":"https:\/\/www.masiacalfabrega.com\/fr\/contactez-nous\/","url":"https:\/\/www.masiacalfabrega.com\/fr\/contactez-nous\/","name":"Contactez-nous - Masia Cal F\u00e0brega","isPartOf":{"@id":"https:\/\/www.masiacalfabrega.com\/#website"},"datePublished":"2025-12-17T12:02:09+00:00","dateModified":"2025-12-18T08:17:09+00:00","breadcrumb":{"@id":"https:\/\/www.masiacalfabrega.com\/fr\/contactez-nous\/#breadcrumb"},"inLanguage":"fr-FR","potentialAction":[{"@type":"ReadAction","target":["https:\/\/www.masiacalfabrega.com\/fr\/contactez-nous\/"]}]},{"@type":"BreadcrumbList","@id":"https:\/\/www.masiacalfabrega.com\/fr\/contactez-nous\/#breadcrumb","itemListElement":[{"@type":"ListItem","position":1,"name":"Inici","item":"https:\/\/www.masiacalfabrega.com\/fr\/accueil\/"},{"@type":"ListItem","position":2,"name":"Contactez-nous"}]},{"@type":"WebSite","@id":"https:\/\/www.masiacalfabrega.com\/#website","url":"https:\/\/www.masiacalfabrega.com\/","name":"Masia Cal F\u00e0brega","description":"Casa de turisme rural a Casserres (Bergued\u00e0)","potentialAction":[{"@type":"SearchAction","target":{"@type":"EntryPoint","urlTemplate":"https:\/\/www.masiacalfabrega.com\/?s={search_term_string}"},"query-input":{"@type":"PropertyValueSpecification","valueRequired":true,"valueName":"search_term_string"}}],"inLanguage":"fr-FR"}]}},"_links":{"self":[{"href":"https:\/\/www.masiacalfabrega.com\/fr\/wp-json\/wp\/v2\/pages\/2409","targetHints":{"allow":["GET"]}}],"collection":[{"href":"https:\/\/www.masiacalfabrega.com\/fr\/wp-json\/wp\/v2\/pages"}],"about":[{"href":"https:\/\/www.masiacalfabrega.com\/fr\/wp-json\/wp\/v2\/types\/page"}],"author":[{"embeddable":true,"href":"https:\/\/www.masiacalfabrega.com\/fr\/wp-json\/wp\/v2\/users\/5"}],"replies":[{"embeddable":true,"href":"https:\/\/www.masiacalfabrega.com\/fr\/wp-json\/wp\/v2\/comments?post=2409"}],"version-history":[{"count":4,"href":"https:\/\/www.masiacalfabrega.com\/fr\/wp-json\/wp\/v2\/pages\/2409\/revisions"}],"predecessor-version":[{"id":2430,"href":"https:\/\/www.masiacalfabrega.com\/fr\/wp-json\/wp\/v2\/pages\/2409\/revisions\/2430"}],"wp:attachment":[{"href":"https:\/\/www.masiacalfabrega.com\/fr\/wp-json\/wp\/v2\/media?parent=2409"}],"curies":[{"name":"wp","href":"https:\/\/api.w.org\/{rel}","templated":true}]}}